{"id":1717,"date":"2023-05-16T16:58:24","date_gmt":"2023-05-16T20:58:24","guid":{"rendered":"https:\/\/laescuelitanyc.website\/explore-nuestra-comunidad\/"},"modified":"2023-10-12T12:03:18","modified_gmt":"2023-10-12T16:03:18","slug":"explore-nuestra-comunidad","status":"publish","type":"page","link":"https:\/\/laescuelitanyc.org\/es\/explore-nuestra-comunidad\/","title":{"rendered":"Explore nuestra comunidad"},"content":{"rendered":"<p>[et_pb_section fb_built=&#8221;1&#8243; admin_label=&#8221;Gallery Strip&#8221; module_class=&#8221;hero-gallery&#8221; _builder_version=&#8221;4.21.0&#8243; _module_preset=&#8221;default&#8221; custom_padding=&#8221;0px||0px||false|false&#8221; top_divider_style=&#8221;curve&#8221; top_divider_color=&#8221;#FFBC03&#8243; top_divider_height=&#8221;50px&#8221; top_divider_flip=&#8221;vertical&#8221; top_divider_arrangement=&#8221;above_content&#8221; collapsed=&#8221;on&#8221; global_colors_info=&#8221;{}&#8221;][et_pb_row _builder_version=&#8221;4.21.0&#8243; _module_preset=&#8221;default&#8221; width=&#8221;100%&#8221; max_width=&#8221;100%&#8221; custom_padding=&#8221;0px||0px||true|false&#8221; collapsed=&#8221;off&#8221; global_colors_info=&#8221;{}&#8221;][et_pb_column type=&#8221;4_4&#8243; _builder_version=&#8221;4.21.0&#8243; _module_preset=&#8221;default&#8221; global_colors_info=&#8221;{}&#8221;][dnxte_masonary gallery_ids=&#8221;2412,2344,2613,2620,2418,2356&#8243; thumb_size=&#8221;large&#8221; dnxte_columns=&#8221;6&#8243; dnxte_gutter=&#8221;0&#8243; dnxte_choose_lightbox=&#8221;none&#8221; disabled_on=&#8221;on|off|off&#8221; _builder_version=&#8221;4.21.2&#8243; _module_preset=&#8221;default&#8221; animation_style=&#8221;fade&#8221; global_colors_info=&#8221;{}&#8221;][\/dnxte_masonary][\/et_pb_column][\/et_pb_row][\/et_pb_section][et_pb_section fb_built=&#8221;1&#8243; specialty=&#8221;on&#8221; custom_padding_last_edited=&#8221;on|phone&#8221; module_class_1=&#8221;tab-container-wrap&#8221; module_class_2=&#8221;tab-content&#8221; admin_label=&#8221;Tabs Content&#8221; module_class=&#8221;about-section&#8221; _builder_version=&#8221;4.22.1&#8243; _module_preset=&#8221;default&#8221; background_color=&#8221;#FFFFFF&#8221; custom_padding=&#8221;||75px||false|false&#8221; custom_padding_tablet=&#8221;20px||||false|false&#8221; custom_padding_phone=&#8221;20px||||false|false&#8221; top_divider_color=&#8221;#fff3e9&#8243; top_divider_height=&#8221;300px&#8221; collapsed=&#8221;on&#8221; global_colors_info=&#8221;{}&#8221;][et_pb_column type=&#8221;1_4&#8243; _builder_version=&#8221;4.16&#8243; custom_padding=&#8221;|||&#8221; global_colors_info=&#8221;{}&#8221; custom_padding__hover=&#8221;|||&#8221;][et_pb_text module_class=&#8221;internal-nav-no-tab&#8221; _builder_version=&#8221;4.21.0&#8243; _module_preset=&#8221;default&#8221; text_text_color=&#8221;#303633&#8243; link_option_url=&#8221;#calendario&#8221; global_colors_info=&#8221;{}&#8221;]<\/p>\n<p>Calendario de actos<\/p>\n<p>[\/et_pb_text][et_pb_text module_class=&#8221;internal-nav-no-tab&#8221; _builder_version=&#8221;4.21.0&#8243; _module_preset=&#8221;default&#8221; text_text_color=&#8221;#303633&#8243; link_option_url=&#8221;#testimonios&#8221; global_colors_info=&#8221;{}&#8221;]<\/p>\n<p>Testimonios<\/p>\n<p>[\/et_pb_text][et_pb_image src=&#8221;https:\/\/laescuelitanyc.org\/wp-content\/uploads\/2023\/05\/new-york-outline-open-01.svg&#8221; title_text=&#8221;nuevo york-abierto-01&#8243; _builder_version=&#8221;4.21.0&#8243; _module_preset=&#8221;default&#8221; custom_padding=&#8221;25px||||false|false&#8221; global_colors_info=&#8221;{}&#8221;][\/et_pb_image][\/et_pb_column][et_pb_column type=&#8221;3_4&#8243; specialty_columns=&#8221;3&#8243; _builder_version=&#8221;4.16&#8243; custom_padding=&#8221;|||&#8221; global_colors_info=&#8221;{}&#8221; custom_padding__hover=&#8221;|||&#8221;][et_pb_row_inner _builder_version=&#8221;4.21.0&#8243; _module_preset=&#8221;default&#8221; custom_margin=&#8221;||0px||false|false&#8221; custom_padding=&#8221;||0px||false|false&#8221; global_colors_info=&#8221;{}&#8221;][et_pb_column_inner saved_specialty_column_type=&#8221;3_4&#8243; _builder_version=&#8221;4.21.0&#8243; _module_preset=&#8221;default&#8221; global_colors_info=&#8221;{}&#8221;][et_pb_text module_class=&#8221;internal-page&#8221; _builder_version=&#8221;4.21.0&#8243; _module_preset=&#8221;default&#8221; custom_margin=&#8221;||5px||false|false&#8221; custom_padding=&#8221;||0px||false|false&#8221; animation_style=&#8221;fade&#8221; global_colors_info=&#8221;{}&#8221;]<\/p>\n<h1>Comite de Padres<\/h1>\n<p>[\/et_pb_text][et_pb_divider color=&#8221;#FFBC03&#8243; divider_weight=&#8221;4px&#8221; _builder_version=&#8221;4.21.0&#8243; _module_preset=&#8221;default&#8221; width=&#8221;75px&#8221; custom_margin=&#8221;||15px||false|false&#8221; animation_style=&#8221;fade&#8221; global_colors_info=&#8221;{}&#8221;][\/et_pb_divider][\/et_pb_column_inner][\/et_pb_row_inner][et_pb_row_inner column_structure=&#8221;1_2,1_2&#8243; admin_label=&#8221;Row&#8221; _builder_version=&#8221;4.21.0&#8243; _module_preset=&#8221;default&#8221; background_enable_color=&#8221;off&#8221; custom_margin=&#8221;0px||||false|false&#8221; custom_padding=&#8221;0px||||false|false&#8221; border_radii=&#8221;off|||20px|20px&#8221; collapsed=&#8221;on&#8221; global_colors_info=&#8221;{}&#8221;][et_pb_column_inner type=&#8221;1_2&#8243; saved_specialty_column_type=&#8221;3_4&#8243; _builder_version=&#8221;4.21.0&#8243; _module_preset=&#8221;default&#8221; global_colors_info=&#8221;{}&#8221;][et_pb_text _builder_version=&#8221;4.21.0&#8243; _module_preset=&#8221;default&#8221; animation_style=&#8221;fade&#8221; global_colors_info=&#8221;{}&#8221;]<\/p>\n<h3>Crecer juntos<\/h3>\n<p>Nuestro Comite de Padres ayuda a crear comunidad entre nuestras familias y el personal. El PLT organiza eventos como nuestra celebraci\u00f3n anual de Halloween, el D\u00eda de Agradecimiento a los Profesores y la Feria del Libro.<\/p>\n<p>[\/et_pb_text][et_pb_button button_url=&#8221;https:\/\/laescuelitanyc.org\/es\/pongase-en-contacto-con-el-centro-preescolar-bilingue-de-nueva-york\/&#8221; button_text=&#8221;Invol\u00facrate&#8221; _builder_version=&#8221;4.21.0&#8243; _module_preset=&#8221;default&#8221; animation_style=&#8221;fade&#8221; global_colors_info=&#8221;{}&#8221;][\/et_pb_button][et_pb_code _builder_version=&#8221;4.21.0&#8243; _module_preset=&#8221;default&#8221; global_colors_info=&#8221;{}&#8221;][\/et_pb_code][\/et_pb_column_inner][et_pb_column_inner type=&#8221;1_2&#8243; saved_specialty_column_type=&#8221;3_4&#8243; _builder_version=&#8221;4.21.0&#8243; _module_preset=&#8221;default&#8221; global_colors_info=&#8221;{}&#8221;][et_pb_image src=&#8221;https:\/\/laescuelitanyc.org\/wp-content\/uploads\/2023\/07\/LE_Halloween.jpg&#8221; title_text=&#8221;LE_Halloween&#8221; module_class=&#8221;circle&#8221; _builder_version=&#8221;4.21.2&#8243; _module_preset=&#8221;default&#8221; custom_margin=&#8221;||||true|false&#8221; custom_padding=&#8221;||||false|false&#8221; animation_style=&#8221;fade&#8221; global_colors_info=&#8221;{}&#8221;][\/et_pb_image][\/et_pb_column_inner][\/et_pb_row_inner][\/et_pb_column][\/et_pb_section][et_pb_section fb_built=&#8221;1&#8243; admin_label=&#8221;:: Event Hyperlink ::&#8221; _builder_version=&#8221;4.21.0&#8243; _module_preset=&#8221;default&#8221; custom_margin=&#8221;0px||0px||false|false&#8221; custom_padding=&#8221;0px||0px||false|false&#8221; collapsed=&#8221;on&#8221; global_colors_info=&#8221;{}&#8221;][et_pb_row _builder_version=&#8221;4.21.0&#8243; _module_preset=&#8221;default&#8221; custom_margin=&#8221;0px||0px||false|false&#8221; custom_padding=&#8221;0px||0px||false|false&#8221; global_colors_info=&#8221;{}&#8221;][et_pb_column type=&#8221;4_4&#8243; _builder_version=&#8221;4.21.0&#8243; _module_preset=&#8221;default&#8221; global_colors_info=&#8221;{}&#8221;][et_pb_code _builder_version=&#8221;4.21.0&#8243; _module_preset=&#8221;default&#8221; global_colors_info=&#8221;{}&#8221;]<a id=\"calendar\"><\/a>[\/et_pb_code][\/et_pb_column][\/et_pb_row][\/et_pb_section][et_pb_section fb_built=&#8221;1&#8243; admin_label=&#8221;Events&#8221; _builder_version=&#8221;4.21.0&#8243; _module_preset=&#8221;default&#8221; background_color=&#8221;#FCF0E6&#8243; custom_padding=&#8221;75px||||false|false&#8221; top_divider_style=&#8221;curve&#8221; top_divider_color=&#8221;#FFFFFF&#8221; top_divider_flip=&#8221;vertical&#8221; collapsed=&#8221;on&#8221; global_colors_info=&#8221;{}&#8221;][et_pb_row _builder_version=&#8221;4.21.0&#8243; _module_preset=&#8221;default&#8221; custom_margin=&#8221;||0px||false|false&#8221; custom_padding=&#8221;0px||0px||false|false&#8221; collapsed=&#8221;on&#8221; global_colors_info=&#8221;{}&#8221;][et_pb_column type=&#8221;4_4&#8243; _builder_version=&#8221;4.21.0&#8243; _module_preset=&#8221;default&#8221; custom_css_main_element=&#8221;    display: flex;||    justify-content: center;&#8221; global_colors_info=&#8221;{}&#8221;][et_pb_image src=&#8221;https:\/\/laescuelitanyc.org\/wp-content\/uploads\/2023\/07\/LE-Web-Illustrations_art-paint-palette-orange.svg&#8221; title_text=&#8221;LE-Web-Illustrations_paleta-pintura-arte-naranja&#8221; align=&#8221;center&#8221; admin_label=&#8221;Image&#8221; _builder_version=&#8221;4.21.2&#8243; _module_preset=&#8221;default&#8221; width=&#8221;150px&#8221; custom_margin=&#8221;-125px||||false|false&#8221; animation_style=&#8221;fade&#8221; global_colors_info=&#8221;{}&#8221;][\/et_pb_image][\/et_pb_column][\/et_pb_row][et_pb_row module_class=&#8221;events-title-row&#8221; _builder_version=&#8221;4.21.0&#8243; _module_preset=&#8221;default&#8221; collapsed=&#8221;on&#8221; global_colors_info=&#8221;{}&#8221;][et_pb_column type=&#8221;4_4&#8243; _builder_version=&#8221;4.21.0&#8243; _module_preset=&#8221;default&#8221; global_colors_info=&#8221;{}&#8221;][et_pb_text _builder_version=&#8221;4.21.0&#8243; _module_preset=&#8221;default&#8221; text_orientation=&#8221;center&#8221; text_orientation_tablet=&#8221;center&#8221; text_orientation_phone=&#8221;center&#8221; text_orientation_last_edited=&#8221;on|tablet&#8221; global_colors_info=&#8221;{}&#8221;]<\/p>\n<h2>Calendario escolar<\/h2>\n<p>[\/et_pb_text][\/et_pb_column][\/et_pb_row][et_pb_row column_structure=&#8221;2_5,3_5&#8243; _builder_version=&#8221;4.21.0&#8243; _module_preset=&#8221;default&#8221; collapsed=&#8221;on&#8221; global_colors_info=&#8221;{}&#8221;][et_pb_column type=&#8221;2_5&#8243; _builder_version=&#8221;4.21.0&#8243; _module_preset=&#8221;default&#8221; global_colors_info=&#8221;{}&#8221;][et_pb_image src=&#8221;https:\/\/laescuelitanyc.org\/wp-content\/uploads\/2023\/06\/La-Escuelita-Gallery-48.jpg&#8221; title_text=&#8221;La-Escuelita-Galer\u00eda (48)&#8221; module_class=&#8221;arch&#8221; _builder_version=&#8221;4.21.0&#8243; _module_preset=&#8221;default&#8221; global_colors_info=&#8221;{}&#8221;][\/et_pb_image][\/et_pb_column][et_pb_column type=&#8221;3_5&#8243; _builder_version=&#8221;4.21.0&#8243; _module_preset=&#8221;default&#8221; global_colors_info=&#8221;{}&#8221;][et_pb_code _builder_version=&#8221;4.21.0&#8243; _module_preset=&#8221;default&#8221; background_color=&#8221;#FFBC03&#8243; custom_padding=&#8221;15px|15px|10px|15px|false|false&#8221; border_radii=&#8221;on|5px|5px|5px|5px&#8221; border_width_all=&#8221;1px&#8221; global_colors_info=&#8221;{}&#8221;]<iframe loading=\"lazy\" src=\"https:\/\/calendar.google.com\/calendar\/embed?src=laescuelitanyc.org_s18do6orh24reobem03aq7o3mk%40group.calendar.google.com&amp;ctz=America%2FNew_York\" style=\"border: 0\" width=\"800\" height=\"600\" frameborder=\"0\" scrolling=\"no\"><\/iframe>[\/et_pb_code][\/et_pb_column][\/et_pb_row][\/et_pb_section][et_pb_section fb_built=&#8221;1&#8243; admin_label=&#8221;:: Testimonial Hyperlink ::&#8221; _builder_version=&#8221;4.21.0&#8243; _module_preset=&#8221;default&#8221; background_color=&#8221;#FCF0E6&#8243; custom_margin=&#8221;0px||0px||false|false&#8221; custom_padding=&#8221;0px||0px||false|false&#8221; collapsed=&#8221;on&#8221; global_colors_info=&#8221;{}&#8221;][et_pb_row _builder_version=&#8221;4.21.0&#8243; _module_preset=&#8221;default&#8221; custom_margin=&#8221;0px||0px||false|false&#8221; custom_padding=&#8221;0px||0px||false|false&#8221; global_colors_info=&#8221;{}&#8221;][et_pb_column type=&#8221;4_4&#8243; _builder_version=&#8221;4.21.0&#8243; _module_preset=&#8221;default&#8221; global_colors_info=&#8221;{}&#8221;][et_pb_code _builder_version=&#8221;4.21.0&#8243; _module_preset=&#8221;default&#8221; global_colors_info=&#8221;{}&#8221;]<a id=\"testimonials\"><\/a>[\/et_pb_code][\/et_pb_column][\/et_pb_row][\/et_pb_section][et_pb_section fb_built=&#8221;1&#8243; admin_label=&#8221;Testimonials&#8221; module_class=&#8221;testimonials-section&#8221; _builder_version=&#8221;4.21.0&#8243; _module_preset=&#8221;default&#8221; background_enable_color=&#8221;off&#8221; custom_padding=&#8221;100px||75px||false|false&#8221; top_divider_style=&#8221;curve&#8221; top_divider_color=&#8221;#FCF0E6&#8243; top_divider_flip=&#8221;vertical&#8221; collapsed=&#8221;on&#8221; global_colors_info=&#8221;{}&#8221;][et_pb_row custom_padding_last_edited=&#8221;on|tablet&#8221; module_class=&#8221;testimonial-title&#8221; _builder_version=&#8221;4.21.0&#8243; _module_preset=&#8221;default&#8221; custom_padding_tablet=&#8221;||0px||false|false&#8221; custom_padding_phone=&#8221;||0px||false|false&#8221; collapsed=&#8221;on&#8221; global_colors_info=&#8221;{}&#8221;][et_pb_column type=&#8221;4_4&#8243; _builder_version=&#8221;4.21.0&#8243; _module_preset=&#8221;default&#8221; global_colors_info=&#8221;{}&#8221;][et_pb_text module_class=&#8221;wavy&#8221; _builder_version=&#8221;4.21.0&#8243; _module_preset=&#8221;default&#8221; text_orientation_tablet=&#8221;center&#8221; text_orientation_phone=&#8221;center&#8221; text_orientation_last_edited=&#8221;on|tablet&#8221; global_colors_info=&#8221;{}&#8221;]<\/p>\n<h2>Palabras elogiosas de padres como usted<\/h2>\n<p>[\/et_pb_text][\/et_pb_column][\/et_pb_row][et_pb_row _builder_version=&#8221;4.21.0&#8243; _module_preset=&#8221;default&#8221; collapsed=&#8221;on&#8221; global_colors_info=&#8221;{}&#8221;][et_pb_column type=&#8221;4_4&#8243; _builder_version=&#8221;4.21.0&#8243; _module_preset=&#8221;default&#8221; global_colors_info=&#8221;{}&#8221;][et_pb_code _builder_version=&#8221;4.21.0&#8243; _module_preset=&#8221;default&#8221; global_colors_info=&#8221;{}&#8221;]<div class=\"testimonial-container\"><button class=\"testimonial-arrow testimonial-arrow-left\" onclick=\"slideTestimonials(-1)\">&#8249;<\/button><div class=\"testimonial-slider\"><div class=\"testimonial-items\"><div class=\"testimonial-item\"><div class=\"testimonial-content\">La Escuelita ha sido todo lo que esper\u00e1bamos y m\u00e1s - profesores y personal incre\u00edbles, una gran preparaci\u00f3n para nuestra hija y una comunidad maravillosamente solidaria.<\/div><div class=\"testimonial-name\">David<\/div><div class=\"testimonial-profession\"><\/div><\/div><div class=\"testimonial-item\"><div class=\"testimonial-content\"><span style=\"font-weight: 400;\">La Escuelita es un hogar lejos del hogar para toda la familia y estamos agradecidos por ello cada d\u00eda.<\/span><\/div><div class=\"testimonial-name\">Molly<\/div><div class=\"testimonial-profession\"><\/div><\/div><div class=\"testimonial-item\"><div class=\"testimonial-content\"><div><span style=\"font-weight: 400;\">La Escuelita es todo lo que usted podr\u00eda desear como padre y m\u00e1s: un programa enriquecido, basado en el juego y con informaci\u00f3n socio-emocional, con profesores que...<\/div><div class=\"testimonial-hidden-content\" style=\"display:none;\"> cultivan el sentido de la curiosidad. Todo esto y, adem\u00e1s, \u00a1en dos idiomas!<\/span><\/div><button class=\"testimonial-read-more-button\">Show More<\/button><\/div><div class=\"testimonial-name\">Jake<\/div><div class=\"testimonial-profession\"><\/div><\/div><div class=\"testimonial-item\"><div class=\"testimonial-content\"><span style=\"font-weight: 400;\">Todos los d\u00edas mi hijo llega a casa sonriente y emocionado para contarme algo nuevo y relevante que ha aprendido en la escuela.<\/span><\/div><div class=\"testimonial-name\">Yael<\/div><div class=\"testimonial-profession\"><\/div><\/div><div class=\"testimonial-item\"><div class=\"testimonial-content\"><span style=\"font-weight: 400;\">Me inspir\u00f3 tanto la ense\u00f1anza en la Escuelita que fui a la escuela a estudiar educaci\u00f3n infantil.<\/span><\/div><div class=\"testimonial-name\">Ivonne<\/div><div class=\"testimonial-profession\"><\/div><\/div><div class=\"testimonial-item\"><div class=\"testimonial-content\"><div><span style=\"font-weight: 400;\">\u00a1Qu\u00e9 regalo fue encontrar La Escuelita en nuestra propia comunidad del Upper West Side! Los profesores son incre\u00edblemente atentos, el plan de estudios basado en el...<\/div><div class=\"testimonial-hidden-content\" style=\"display:none;\"> juego es divertido y atractivo, y los ni\u00f1os realmente prosperan en espa\u00f1ol, independientemente de sus antecedentes. Nuestros dos hijos pasaron por La Escuelita y ahora est\u00e1n en la escuela primaria, pero los amigos que hemos hecho entre los ni\u00f1os y los padres se han quedado con nosotros durante a\u00f1os.<\/span><\/div><button class=\"testimonial-read-more-button\">Show More<\/button><\/div><div class=\"testimonial-name\">Abhishek<\/div><div class=\"testimonial-profession\"><\/div><\/div><div class=\"testimonial-item\"><div class=\"testimonial-content\"><span style=\"font-weight: 400;\">En casa no hablamos espa\u00f1ol y me ha sorprendido lo r\u00e1pido que mis hijos lo han aprendido en La Escuelita.<\/span><\/div><div class=\"testimonial-name\">Umi<\/div><div class=\"testimonial-profession\"><\/div><\/div><div class=\"testimonial-item\"><div class=\"testimonial-content\"><span style=\"font-weight: 400;\">Mis dos hijos fueron a Escuelita, y he estado continuamente impresionado por el calibre y la inventiva de los profesores.<\/span><\/div><div class=\"testimonial-name\">Lindsay<\/div><div class=\"testimonial-profession\"><\/div><\/div><div class=\"testimonial-item\"><div class=\"testimonial-content\"><span style=\"font-weight: 400;\">Me encanta la comunidad de La Escuelita. Es c\u00e1lido, acogedor y realista.<\/span><\/div><div class=\"testimonial-name\">Daniel<\/div><div class=\"testimonial-profession\"><\/div><\/div><div class=\"testimonial-item\"><div class=\"testimonial-content\"><div>Elegir La Escuelita para nuestra hija fue una de nuestras mejores decisiones al mudarnos a NYC. Los profesores hacen que el aprendizaje sea divertido y se preocupan sin cesar por los ni\u00f1os, el...<\/div><div class=\"testimonial-hidden-content\" style=\"display:none;\"> personal se asegura de que la escuela est\u00e9 bien gestionada y la comunicaci\u00f3n fluya, la comunidad se apoya incondicionalmente y la confianza de mi hija y su capacidad con el espa\u00f1ol se han disparado.<\/div><button class=\"testimonial-read-more-button\">Show More<\/button><\/div><div class=\"testimonial-name\">Rebecca<\/div><div class=\"testimonial-profession\"><\/div><\/div><div class=\"testimonial-item\"><div class=\"testimonial-content\"><div><span style=\"font-weight: 400;\">La joya oculta de los centros preescolares Todos los miembros del personal, desde los profesores hasta la administraci\u00f3n, trabajan juntos para crear un entorno...<\/div><div class=\"testimonial-hidden-content\" style=\"display:none;\"> enriquecedor en el que los ni\u00f1os se sientan seguros y c\u00f3modos. Hay un verdadero ambiente de comunidad. Es un programa maravilloso para todos los ni\u00f1os, independientemente de cualquier conocimiento previo del espa\u00f1ol en el hogar.<\/span><\/div><button class=\"testimonial-read-more-button\">Show More<\/button><\/div><div class=\"testimonial-name\">Megan<\/div><div class=\"testimonial-profession\"><\/div><\/div><\/div><\/div><button class=\"testimonial-arrow testimonial-arrow-right\" onclick=\"slideTestimonials(1)\">&#8250;<\/button><\/div>[\/et_pb_code][et_pb_button button_url=&#8221;https:\/\/laescuelitanyc.org\/es\/acerca-de-nuestro-centro-preescolar-bilingue\/#meet-the-team&#8221; button_text=&#8221;Conozca a nuestro equipo&#8221; button_alignment=&#8221;right&#8221; _builder_version=&#8221;4.21.0&#8243; _module_preset=&#8221;default&#8221; custom_margin=&#8221;|5px|||false|false&#8221; global_colors_info=&#8221;{}&#8221;][\/et_pb_button][\/et_pb_column][\/et_pb_row][\/et_pb_section]<\/p>\n","protected":false},"excerpt":{"rendered":"<p>[et_pb_section fb_built=&#8221;1&#8243; admin_label=&#8221;Gallery Strip&#8221; module_class=&#8221;hero-gallery&#8221; _builder_version=&#8221;4.21.0&#8243; _module_preset=&#8221;default&#8221; custom_padding=&#8221;0px||0px||false|false&#8221; top_divider_style=&#8221;curve&#8221; top_divider_color=&#8221;#FFBC03&#8243; top_divider_height=&#8221;50px&#8221; top_divider_flip=&#8221;vertical&#8221; top_divider_arrangement=&#8221;above_content&#8221; collapsed=&#8221;on&#8221; global_colors_info=&#8221;{}&#8221;][et_pb_row _builder_version=&#8221;4.21.0&#8243; _module_preset=&#8221;default&#8221; width=&#8221;100%&#8221; max_width=&#8221;100%&#8221; custom_padding=&#8221;0px||0px||true|false&#8221; collapsed=&#8221;off&#8221; global_colors_info=&#8221;{}&#8221;][et_pb_column type=&#8221;4_4&#8243; _builder_version=&#8221;4.21.0&#8243; _module_preset=&#8221;default&#8221; global_colors_info=&#8221;{}&#8221;][dnxte_masonary gallery_ids=&#8221;2412,2344,2613,2620,2418,2356&#8243; thumb_size=&#8221;large&#8221; dnxte_columns=&#8221;6&#8243; dnxte_gutter=&#8221;0&#8243; dnxte_choose_lightbox=&#8221;none&#8221; disabled_on=&#8221;on|off|off&#8221; _builder_version=&#8221;4.21.2&#8243; _module_preset=&#8221;default&#8221; animation_style=&#8221;fade&#8221; global_colors_info=&#8221;{}&#8221;][\/dnxte_masonary][\/et_pb_column][\/et_pb_row][\/et_pb_section][et_pb_section fb_built=&#8221;1&#8243; specialty=&#8221;on&#8221; custom_padding_last_edited=&#8221;on|phone&#8221; module_class_1=&#8221;tab-container-wrap&#8221; module_class_2=&#8221;tab-content&#8221; admin_label=&#8221;Tabs Content&#8221; module_class=&#8221;about-section&#8221; _builder_version=&#8221;4.22.1&#8243; _module_preset=&#8221;default&#8221; background_color=&#8221;#FFFFFF&#8221; custom_padding=&#8221;||75px||false|false&#8221; custom_padding_tablet=&#8221;20px||||false|false&#8221; custom_padding_phone=&#8221;20px||||false|false&#8221; top_divider_color=&#8221;#fff3e9&#8243; top_divider_height=&#8221;300px&#8221; collapsed=&#8221;on&#8221; global_colors_info=&#8221;{}&#8221;][et_pb_column type=&#8221;1_4&#8243; [&hellip;]<\/p>\n","protected":false},"author":3,"featured_media":1704,"parent":0,"menu_order":0,"comment_status":"closed","ping_status":"closed","template":"","meta":{"_acf_changed":false,"nf_dc_page":"","_et_pb_use_builder":"on","_et_pb_old_content":"","_et_gb_content_width":"","footnotes":""},"class_list":["post-1717","page","type-page","status-publish","has-post-thumbnail","hentry"],"acf":[],"_links":{"self":[{"href":"https:\/\/laescuelitanyc.org\/es\/wp-json\/wp\/v2\/pages\/1717","targetHints":{"allow":["GET"]}}],"collection":[{"href":"https:\/\/laescuelitanyc.org\/es\/wp-json\/wp\/v2\/pages"}],"about":[{"href":"https:\/\/laescuelitanyc.org\/es\/wp-json\/wp\/v2\/types\/page"}],"author":[{"embeddable":true,"href":"https:\/\/laescuelitanyc.org\/es\/wp-json\/wp\/v2\/users\/3"}],"replies":[{"embeddable":true,"href":"https:\/\/laescuelitanyc.org\/es\/wp-json\/wp\/v2\/comments?post=1717"}],"version-history":[{"count":5,"href":"https:\/\/laescuelitanyc.org\/es\/wp-json\/wp\/v2\/pages\/1717\/revisions"}],"predecessor-version":[{"id":397466,"href":"https:\/\/laescuelitanyc.org\/es\/wp-json\/wp\/v2\/pages\/1717\/revisions\/397466"}],"wp:featuredmedia":[{"embeddable":true,"href":"https:\/\/laescuelitanyc.org\/es\/wp-json\/wp\/v2\/media\/1704"}],"wp:attachment":[{"href":"https:\/\/laescuelitanyc.org\/es\/wp-json\/wp\/v2\/media?parent=1717"}],"curies":[{"name":"wp","href":"https:\/\/api.w.org\/{rel}","templated":true}]}}