{"id":1723,"date":"2023-05-16T17:17:26","date_gmt":"2023-05-16T21:17:26","guid":{"rendered":"https:\/\/laescuelitanyc.website\/pongase-en-contacto-con-el-centro-preescolar-bilingue-de-nueva-york\/"},"modified":"2023-10-12T11:14:33","modified_gmt":"2023-10-12T15:14:33","slug":"pongase-en-contacto-con-el-centro-preescolar-bilingue-de-nueva-york","status":"publish","type":"page","link":"https:\/\/laescuelitanyc.org\/es\/pongase-en-contacto-con-el-centro-preescolar-bilingue-de-nueva-york\/","title":{"rendered":"P\u00f3ngase en contacto con el centro preescolar biling\u00fce de Nueva York"},"content":{"rendered":"<p>[et_pb_section fb_built=&#8221;1&#8243; next_background_color=&#8221;#FFFFFF&#8221; admin_label=&#8221;Header Divider Arch&#8221; module_class=&#8221;internal-hero-banner&#8221; _builder_version=&#8221;4.21.0&#8243; _module_preset=&#8221;default&#8221; background_color=&#8221;#FFBC03&#8243; custom_padding=&#8221;||0px||false|false&#8221; bottom_divider_style=&#8221;curve&#8221; bottom_divider_height=&#8221;50px&#8221; bottom_divider_flip=&#8221;vertical&#8221; collapsed=&#8221;on&#8221; global_colors_info=&#8221;{}&#8221;][et_pb_row _builder_version=&#8221;4.21.0&#8243; _module_preset=&#8221;default&#8221; custom_padding=&#8221;10px||8px||false|false&#8221; collapsed=&#8221;off&#8221; global_colors_info=&#8221;{}&#8221;][et_pb_column type=&#8221;4_4&#8243; _builder_version=&#8221;4.18.0&#8243; _module_preset=&#8221;default&#8221; global_colors_info=&#8221;{}&#8221;][et_pb_divider show_divider=&#8221;off&#8221; _builder_version=&#8221;4.21.0&#8243; _module_preset=&#8221;default&#8221; global_colors_info=&#8221;{}&#8221;][\/et_pb_divider][\/et_pb_column][\/et_pb_row][\/et_pb_section][et_pb_section fb_built=&#8221;1&#8243; admin_label=&#8221;Header&#8221; module_class=&#8221;contact-info-section&#8221; _builder_version=&#8221;4.21.0&#8243; _module_preset=&#8221;default&#8221; background_color=&#8221;#FFFFFF&#8221; collapsed=&#8221;on&#8221; global_colors_info=&#8221;{}&#8221;][et_pb_row _builder_version=&#8221;4.21.0&#8243; _module_preset=&#8221;default&#8221; max_width=&#8221;700px&#8221; custom_padding=&#8221;0px||0px||false|false&#8221; global_colors_info=&#8221;{}&#8221;][et_pb_column type=&#8221;4_4&#8243; _builder_version=&#8221;4.19.0&#8243; _module_preset=&#8221;default&#8221; global_colors_info=&#8221;{}&#8221;][et_pb_divider color=&#8221;#FFBC03&#8243; divider_position=&#8221;center&#8221; _builder_version=&#8221;4.21.0&#8243; _module_preset=&#8221;default&#8221; global_colors_info=&#8221;{}&#8221;][\/et_pb_divider][et_pb_text _builder_version=&#8221;4.21.0&#8243; _module_preset=&#8221;e6504a1b-67eb-4b3d-b023-bcab277610b6&#8243; header_4_font=&#8221;|700||on|||||&#8221; header_4_text_color=&#8221;#303633&#8243; header_4_font_size=&#8221;14px&#8221; header_4_letter_spacing=&#8221;1px&#8221; header_4_line_height=&#8221;1.4em&#8221; background_color=&#8221;#FFFFFF&#8221; positioning=&#8221;absolute&#8221; position_origin_a=&#8221;top_center&#8221; z_index=&#8221;10&#8243; text_orientation=&#8221;center&#8221; custom_margin=&#8221;||0px||false|false&#8221; custom_padding=&#8221;|30px||30px|false|true&#8221; global_colors_info=&#8221;{}&#8221;]<\/p>\n<h4>Ponte en contacto con nosotros<\/h4>\n<p>[\/et_pb_text][\/et_pb_column][\/et_pb_row][et_pb_row _builder_version=&#8221;4.19.0&#8243; _module_preset=&#8221;default&#8221; max_width=&#8221;700px&#8221; global_colors_info=&#8221;{}&#8221;][et_pb_column type=&#8221;4_4&#8243; _builder_version=&#8221;4.19.0&#8243; _module_preset=&#8221;default&#8221; global_colors_info=&#8221;{}&#8221;][et_pb_text _builder_version=&#8221;4.21.0&#8243; _module_preset=&#8221;c16985e1-e0d6-4022-964d-e2bfc04fa633&#8243; header_font=&#8221;||||||||&#8221; text_orientation=&#8221;center&#8221; header_font_size_tablet=&#8221;40px&#8221; header_font_size_phone=&#8221;24px&#8221; header_font_size_last_edited=&#8221;off|desktop&#8221; global_colors_info=&#8221;{}&#8221;]<\/p>\n<h1>Contacta La Escuelita<\/h1>\n<p>[\/et_pb_text][et_pb_text _builder_version=&#8221;4.21.0&#8243; _module_preset=&#8221;1f09816e-184e-4ce5-a4cf-b39c52c423ca&#8221; text_orientation=&#8221;center&#8221; max_width=&#8221;450px&#8221; module_alignment=&#8221;center&#8221; text_font_size_tablet=&#8221;15px&#8221; text_font_size_phone=&#8221;14px&#8221; text_font_size_last_edited=&#8221;off|desktop&#8221; header_font_size_tablet=&#8221;55px&#8221; header_font_size_last_edited=&#8221;off|desktop&#8221; global_colors_info=&#8221;{}&#8221;]Estamos a su disposici\u00f3n para responder sus preguntas. Esperamos sus noticias.[\/et_pb_text][\/et_pb_column][\/et_pb_row][et_pb_row column_structure=&#8221;1_3,1_3,1_3&#8243; make_equal=&#8221;on&#8221; _builder_version=&#8221;4.21.0&#8243; _module_preset=&#8221;default&#8221; global_colors_info=&#8221;{}&#8221;][et_pb_column type=&#8221;1_3&#8243; _builder_version=&#8221;4.21.0&#8243; _module_preset=&#8221;default&#8221; custom_padding=&#8221;60px|60px|60px|60px|true|true&#8221; custom_padding_tablet=&#8221;30px|30px|30px|30px|true|true&#8221; custom_padding_phone=&#8221;20px|20px|20px|20px|true|true&#8221; custom_padding_last_edited=&#8221;on|desktop&#8221; link_option_url=&#8221;mailto:info@laescuelitanyc.org&#8221; border_radii=&#8221;off|125px|125px|15px|15px&#8221; border_width_all=&#8221;1px&#8221; border_color_all=&#8221;#000000&#8243; global_colors_info=&#8221;{%22gcid-1ebd227f-17a6-4b4b-aae3-34bdf343cf9f%22:%91%22background_color__hover%22%93}&#8221; background__hover_enabled=&#8221;on|desktop&#8221; background_color__hover=&#8221;#ebdac8&#8243; background_enable_color__hover=&#8221;on&#8221; border_width_all__hover_enabled=&#8221;off|desktop&#8221; border_width_all__hover=&#8221;0px&#8221; border_color_all__hover_enabled=&#8221;on|desktop&#8221; border_color_all__hover=&#8221;RGBA(255,255,255,0)&#8221;][et_pb_icon font_icon=&#8221;&#xe010;||divi||400&#8243; icon_color=&#8221;#FFBC03&#8243; icon_width=&#8221;64px&#8221; _builder_version=&#8221;4.21.0&#8243; _module_preset=&#8221;default&#8221; locked=&#8221;off&#8221; global_colors_info=&#8221;{}&#8221;][\/et_pb_icon][et_pb_text _builder_version=&#8221;4.21.0&#8243; _module_preset=&#8221;aaa7c440-590a-4078-ae0c-0f3c699ac51c&#8221; header_font=&#8221;||||||||&#8221; header_3_font=&#8221;||||||||&#8221; text_orientation=&#8221;center&#8221; header_3_font_size_tablet=&#8221;20px&#8221; header_3_font_size_phone=&#8221;18px&#8221; header_3_font_size_last_edited=&#8221;off|desktop&#8221; global_colors_info=&#8221;{}&#8221;]<\/p>\n<h3>Escribanos a<\/h3>\n<p>[\/et_pb_text][et_pb_text _builder_version=&#8221;4.21.0&#8243; _module_preset=&#8221;4c43b4b6-66bf-432d-959a-705bda24a650&#8243; link_text_color=&#8221;#000000&#8243; text_orientation=&#8221;center&#8221; header_font_size_tablet=&#8221;55px&#8221; header_font_size_last_edited=&#8221;off|desktop&#8221; global_colors_info=&#8221;{}&#8221;]info@LaEscuelitaNYC.org[\/et_pb_text][\/et_pb_column][et_pb_column type=&#8221;1_3&#8243; _builder_version=&#8221;4.21.0&#8243; _module_preset=&#8221;default&#8221; custom_padding=&#8221;60px|60px|60px|60px|true|true&#8221; custom_padding_tablet=&#8221;30px|30px|30px|30px|true|true&#8221; custom_padding_phone=&#8221;20px|20px|20px|20px|true|true&#8221; custom_padding_last_edited=&#8221;on|desktop&#8221; link_option_url=&#8221;tel:255-352-6258&#8243; border_radii=&#8221;off|75px|35px|155px|15px&#8221; border_width_all=&#8221;1px&#8221; border_color_all=&#8221;#000000&#8243; global_colors_info=&#8221;{%22gcid-1ebd227f-17a6-4b4b-aae3-34bdf343cf9f%22:%91%22background_color__hover%22%93}&#8221; background__hover_enabled=&#8221;on|desktop&#8221; background_color__hover=&#8221;#ebdac8&#8243; background_enable_color__hover=&#8221;on&#8221; border_width_all__hover_enabled=&#8221;off|desktop&#8221; border_width_all__hover=&#8221;0px&#8221; border_color_all__hover_enabled=&#8221;on|desktop&#8221; border_color_all__hover=&#8221;RGBA(255,255,255,0)&#8221;][et_pb_icon font_icon=&#8221;&#xf879;||fa||900&#8243; icon_color=&#8221;#FD7E00&#8243; icon_width=&#8221;64px&#8221; _builder_version=&#8221;4.21.0&#8243; _module_preset=&#8221;default&#8221; locked=&#8221;off&#8221; global_colors_info=&#8221;{}&#8221;][\/et_pb_icon][et_pb_text _builder_version=&#8221;4.21.0&#8243; _module_preset=&#8221;aaa7c440-590a-4078-ae0c-0f3c699ac51c&#8221; header_font=&#8221;||||||||&#8221; header_3_font=&#8221;||||||||&#8221; text_orientation=&#8221;center&#8221; header_3_font_size_tablet=&#8221;20px&#8221; header_3_font_size_phone=&#8221;18px&#8221; header_3_font_size_last_edited=&#8221;off|desktop&#8221; global_colors_info=&#8221;{}&#8221;]<\/p>\n<h3>Tel\u00e9fono<\/h3>\n<p>[\/et_pb_text][et_pb_text _builder_version=&#8221;4.21.0&#8243; _module_preset=&#8221;4c43b4b6-66bf-432d-959a-705bda24a650&#8243; link_text_color=&#8221;#000000&#8243; text_orientation=&#8221;center&#8221; header_font_size_tablet=&#8221;55px&#8221; header_font_size_last_edited=&#8221;off|desktop&#8221; global_colors_info=&#8221;{}&#8221;](212) 877-1100[\/et_pb_text][\/et_pb_column][et_pb_column type=&#8221;1_3&#8243; _builder_version=&#8221;4.21.0&#8243; _module_preset=&#8221;default&#8221; custom_padding=&#8221;60px|60px|60px|60px|true|true&#8221; custom_padding_tablet=&#8221;30px|30px|30px|30px|true|true&#8221; custom_padding_phone=&#8221;20px|20px|20px|20px|true|true&#8221; custom_padding_last_edited=&#8221;on|desktop&#8221; link_option_url=&#8221;https:\/\/www.google.com\/maps\/place\/225+W+99th+St,+New+York,+NY+10025\/@40.7962913,-73.9690907,17z\/data=!3m1!4b1!4m6!3m5!1s0x89c2f6266804f5ef:0x7f3437cab504399e!8m2!3d40.7962913!4d-73.9690907!16s%2Fg%2F11bw3x71kk?entry=ttu&#8221; link_option_url_new_window=&#8221;on&#8221; border_radii=&#8221;off|120px|45px|45px|90px&#8221; border_width_all=&#8221;1px&#8221; border_color_all=&#8221;#000000&#8243; global_colors_info=&#8221;{%22gcid-1ebd227f-17a6-4b4b-aae3-34bdf343cf9f%22:%91%22background_color__hover%22%93}&#8221; background__hover_enabled=&#8221;on|desktop&#8221; background_color__hover=&#8221;#ebdac8&#8243; background_enable_color__hover=&#8221;on&#8221; border_width_all__hover_enabled=&#8221;off|desktop&#8221; border_width_all__hover=&#8221;0px&#8221; border_color_all__hover_enabled=&#8221;on|desktop&#8221; border_color_all__hover=&#8221;RGBA(255,255,255,0)&#8221;][et_pb_icon font_icon=&#8221;&#xe01f;||divi||400&#8243; icon_color=&#8221;#CCC7CC&#8221; icon_width=&#8221;64px&#8221; _builder_version=&#8221;4.21.0&#8243; _module_preset=&#8221;default&#8221; global_colors_info=&#8221;{}&#8221;][\/et_pb_icon][et_pb_text _builder_version=&#8221;4.21.0&#8243; _module_preset=&#8221;aaa7c440-590a-4078-ae0c-0f3c699ac51c&#8221; header_font=&#8221;||||||||&#8221; header_3_font=&#8221;||||||||&#8221; text_orientation=&#8221;center&#8221; header_3_font_size_tablet=&#8221;20px&#8221; header_3_font_size_phone=&#8221;18px&#8221; header_3_font_size_last_edited=&#8221;off|desktop&#8221; global_colors_info=&#8221;{}&#8221;]<\/p>\n<h3>Direcci\u00f3n<\/h3>\n<p>[\/et_pb_text][et_pb_text _builder_version=&#8221;4.21.0&#8243; _module_preset=&#8221;4c43b4b6-66bf-432d-959a-705bda24a650&#8243; link_text_color=&#8221;#000000&#8243; text_orientation=&#8221;center&#8221; header_font_size_tablet=&#8221;55px&#8221; header_font_size_last_edited=&#8221;off|desktop&#8221; global_colors_info=&#8221;{}&#8221;]225 West 99th Street, Nueva York, NY 10025[\/et_pb_text][\/et_pb_column][\/et_pb_row][\/et_pb_section][et_pb_section fb_built=&#8221;1&#8243; prev_background_color=&#8221;#FFFFFF&#8221; admin_label=&#8221;Contact Form&#8221; module_class=&#8221;contact-form-section&#8221; _builder_version=&#8221;4.21.0&#8243; _module_preset=&#8221;default&#8221; background_color=&#8221;#F5F3F5&#8243; background_image=&#8221;https:\/\/laescuelitanyc.org\/wp-content\/uploads\/2023\/07\/LE-Web-Illustrations_la-escuelita-light-gray.png&#8221; background_size=&#8221;contain&#8221; background_position=&#8221;center_right&#8221; background_horizontal_offset=&#8221;-40%&#8221; top_divider_style=&#8221;curve&#8221; top_divider_flip=&#8221;vertical&#8221; collapsed=&#8221;on&#8221; global_colors_info=&#8221;{}&#8221;][et_pb_row column_structure=&#8221;3_5,2_5&#8243; _builder_version=&#8221;4.21.0&#8243; _module_preset=&#8221;default&#8221; width_tablet=&#8221;&#8221; width_phone=&#8221;90%&#8221; width_last_edited=&#8221;on|phone&#8221; global_colors_info=&#8221;{}&#8221;][et_pb_column type=&#8221;3_5&#8243; module_class=&#8221;contact-form-column&#8221; _builder_version=&#8221;4.21.0&#8243; _module_preset=&#8221;default&#8221; background_color=&#8221;#FFFFFF&#8221; custom_padding=&#8221;60px|60px|60px|60px|true|true&#8221; custom_padding_tablet=&#8221;30px|30px|30px|30px|true|true&#8221; custom_padding_phone=&#8221;20px|20px|20px|20px|true|true&#8221; custom_padding_last_edited=&#8221;on|desktop&#8221; border_radii=&#8221;on|20px|20px|20px|20px&#8221; border_width_all=&#8221;25px&#8221; border_color_all=&#8221;#FFBC03&#8243; border_width_all_tablet=&#8221;25px&#8221; border_width_all_phone=&#8221;10px&#8221; border_width_all_last_edited=&#8221;on|phone&#8221; global_colors_info=&#8221;{%22gcid-1ebd227f-17a6-4b4b-aae3-34bdf343cf9f%22:%91%22background_color__hover%22%93,%22gcid-f22ce391-07f1-4ce8-a74b-7c09c799a54e%22:%91%22box_shadow_color%22%93}&#8221; background__hover_enabled=&#8221;on|desktop&#8221;][et_pb_text _builder_version=&#8221;4.21.0&#8243; _module_preset=&#8221;b327cbe4-b1d5-4b66-ad37-40c8f2f061ba&#8221; header_2_font=&#8221;||||||||&#8221; header_2_font_size_tablet=&#8221;32px&#8221; header_2_font_size_phone=&#8221;20px&#8221; header_2_font_size_last_edited=&#8221;off|desktop&#8221; global_colors_info=&#8221;{}&#8221;]<\/p>\n<h2>Enviar un mensaje<\/h2>\n<p>[\/et_pb_text][et_pb_text _builder_version=&#8221;4.21.0&#8243; _module_preset=&#8221;1f09816e-184e-4ce5-a4cf-b39c52c423ca&#8221; text_line_height=&#8221;1.8em&#8221; custom_padding=&#8221;||0px|||&#8221; text_font_size_tablet=&#8221;15px&#8221; text_font_size_phone=&#8221;14px&#8221; text_font_size_last_edited=&#8221;on|desktop&#8221; header_font_size_tablet=&#8221;55px&#8221; header_font_size_last_edited=&#8221;off|desktop&#8221; global_colors_info=&#8221;{}&#8221;]<\/p>\n<p><span>Agradecemos sus consultas y comentarios. No dude en contactarnos a trav\u00e9s del siguiente formulario.<\/span><\/p>\n<p>[\/et_pb_text][et_pb_contact_form captcha=&#8221;off&#8221; _builder_version=&#8221;4.21.2&#8243; _module_preset=&#8221;5f451234-b662-41cf-8ad7-48c40d2afa7f&#8221; _unique_id=&#8221;37352547-b97b-4413-85e2-b00056b20234&#8243; form_field_background_color=&#8221;#FCF0E6&#8243; form_field_text_color=&#8221;#303633&#8243; form_field_custom_padding=&#8221;10px|10px|10px|10px|true|true&#8221; form_field_font_size=&#8221;18px&#8221; form_field_line_height=&#8221;1.8em&#8221; hover_enabled=&#8221;0&#8243; border_width_all=&#8221;1px&#8221; border_color_all=&#8221;#303633&#8243; locked=&#8221;off&#8221; global_colors_info=&#8221;{%22gcid-1ebd227f-17a6-4b4b-aae3-34bdf343cf9f%22:%91%22button_text_color%22%93}&#8221; email=&#8221;info@LaEscuelitaNYC.org&#8221; sticky_enabled=&#8221;0&#8243;][et_pb_contact_field field_id=&#8221;Name&#8221; field_title=&#8221;Nombre&#8221; fullwidth_field=&#8221;on&#8221; _builder_version=&#8221;4.16&#8243; _module_preset=&#8221;default&#8221; global_colors_info=&#8221;{}&#8221; button_text_size__hover_enabled=&#8221;off&#8221; button_one_text_size__hover_enabled=&#8221;off&#8221; button_two_text_size__hover_enabled=&#8221;off&#8221; button_text_color__hover_enabled=&#8221;off&#8221; button_one_text_color__hover_enabled=&#8221;off&#8221; button_two_text_color__hover_enabled=&#8221;off&#8221; button_border_width__hover_enabled=&#8221;off&#8221; button_one_border_width__hover_enabled=&#8221;off&#8221; button_two_border_width__hover_enabled=&#8221;off&#8221; button_border_color__hover_enabled=&#8221;off&#8221; button_one_border_color__hover_enabled=&#8221;off&#8221; button_two_border_color__hover_enabled=&#8221;off&#8221; button_border_radius__hover_enabled=&#8221;off&#8221; button_one_border_radius__hover_enabled=&#8221;off&#8221; button_two_border_radius__hover_enabled=&#8221;off&#8221; button_letter_spacing__hover_enabled=&#8221;off&#8221; button_one_letter_spacing__hover_enabled=&#8221;off&#8221; button_two_letter_spacing__hover_enabled=&#8221;off&#8221; button_bg_color__hover_enabled=&#8221;off&#8221; button_one_bg_color__hover_enabled=&#8221;off&#8221; button_two_bg_color__hover_enabled=&#8221;off&#8221;][\/et_pb_contact_field][et_pb_contact_field field_id=&#8221;Email&#8221; field_title=&#8221;Direcci\u00f3n de correo electr\u00f3nico&#8221; field_type=&#8221;email&#8221; fullwidth_field=&#8221;on&#8221; _builder_version=&#8221;4.16&#8243; _module_preset=&#8221;default&#8221; global_colors_info=&#8221;{}&#8221; button_text_size__hover_enabled=&#8221;off&#8221; button_one_text_size__hover_enabled=&#8221;off&#8221; button_two_text_size__hover_enabled=&#8221;off&#8221; button_text_color__hover_enabled=&#8221;off&#8221; button_one_text_color__hover_enabled=&#8221;off&#8221; button_two_text_color__hover_enabled=&#8221;off&#8221; button_border_width__hover_enabled=&#8221;off&#8221; button_one_border_width__hover_enabled=&#8221;off&#8221; button_two_border_width__hover_enabled=&#8221;off&#8221; button_border_color__hover_enabled=&#8221;off&#8221; button_one_border_color__hover_enabled=&#8221;off&#8221; button_two_border_color__hover_enabled=&#8221;off&#8221; button_border_radius__hover_enabled=&#8221;off&#8221; button_one_border_radius__hover_enabled=&#8221;off&#8221; button_two_border_radius__hover_enabled=&#8221;off&#8221; button_letter_spacing__hover_enabled=&#8221;off&#8221; button_one_letter_spacing__hover_enabled=&#8221;off&#8221; button_two_letter_spacing__hover_enabled=&#8221;off&#8221; button_bg_color__hover_enabled=&#8221;off&#8221; button_one_bg_color__hover_enabled=&#8221;off&#8221; button_two_bg_color__hover_enabled=&#8221;off&#8221;][\/et_pb_contact_field][et_pb_contact_field field_id=&#8221;Message&#8221; field_title=&#8221;Mensaje&#8221; field_type=&#8221;text&#8221; fullwidth_field=&#8221;on&#8221; _builder_version=&#8221;4.16&#8243; _module_preset=&#8221;default&#8221; global_colors_info=&#8221;{}&#8221; button_text_size__hover_enabled=&#8221;off&#8221; button_one_text_size__hover_enabled=&#8221;off&#8221; button_two_text_size__hover_enabled=&#8221;off&#8221; button_text_color__hover_enabled=&#8221;off&#8221; button_one_text_color__hover_enabled=&#8221;off&#8221; button_two_text_color__hover_enabled=&#8221;off&#8221; button_border_width__hover_enabled=&#8221;off&#8221; button_one_border_width__hover_enabled=&#8221;off&#8221; button_two_border_width__hover_enabled=&#8221;off&#8221; button_border_color__hover_enabled=&#8221;off&#8221; button_one_border_color__hover_enabled=&#8221;off&#8221; button_two_border_color__hover_enabled=&#8221;off&#8221; button_border_radius__hover_enabled=&#8221;off&#8221; button_one_border_radius__hover_enabled=&#8221;off&#8221; button_two_border_radius__hover_enabled=&#8221;off&#8221; button_letter_spacing__hover_enabled=&#8221;off&#8221; button_one_letter_spacing__hover_enabled=&#8221;off&#8221; button_two_letter_spacing__hover_enabled=&#8221;off&#8221; button_bg_color__hover_enabled=&#8221;off&#8221; button_one_bg_color__hover_enabled=&#8221;off&#8221; button_two_bg_color__hover_enabled=&#8221;off&#8221;][\/et_pb_contact_field][\/et_pb_contact_form][\/et_pb_column][et_pb_column type=&#8221;2_5&#8243; _builder_version=&#8221;4.19.0&#8243; _module_preset=&#8221;default&#8221; global_colors_info=&#8221;{}&#8221;][\/et_pb_column][\/et_pb_row][\/et_pb_section]<\/p>\n","protected":false},"excerpt":{"rendered":"<p>Ponte en contacto con nosotrosContacta La EscuelitaEstamos a su disposici\u00f3n para responder sus preguntas. Esperamos sus noticias.Escribanos ainfo@LaEscuelitaNYC.orgTel\u00e9fono(212) 877-1100Direcci\u00f3n225 West 99th Street, Nueva York, NY 10025Enviar un mensajeAgradecemos sus consultas y comentarios. No dude en contactarnos a trav\u00e9s del siguiente formulario.<\/p>\n","protected":false},"author":3,"featured_media":0,"parent":0,"menu_order":0,"comment_status":"closed","ping_status":"closed","template":"","meta":{"_acf_changed":false,"nf_dc_page":"","_et_pb_use_builder":"on","_et_pb_old_content":"","_et_gb_content_width":"","footnotes":""},"class_list":["post-1723","page","type-page","status-publish","hentry"],"acf":[],"_links":{"self":[{"href":"https:\/\/laescuelitanyc.org\/es\/wp-json\/wp\/v2\/pages\/1723","targetHints":{"allow":["GET"]}}],"collection":[{"href":"https:\/\/laescuelitanyc.org\/es\/wp-json\/wp\/v2\/pages"}],"about":[{"href":"https:\/\/laescuelitanyc.org\/es\/wp-json\/wp\/v2\/types\/page"}],"author":[{"embeddable":true,"href":"https:\/\/laescuelitanyc.org\/es\/wp-json\/wp\/v2\/users\/3"}],"replies":[{"embeddable":true,"href":"https:\/\/laescuelitanyc.org\/es\/wp-json\/wp\/v2\/comments?post=1723"}],"version-history":[{"count":5,"href":"https:\/\/laescuelitanyc.org\/es\/wp-json\/wp\/v2\/pages\/1723\/revisions"}],"predecessor-version":[{"id":397451,"href":"https:\/\/laescuelitanyc.org\/es\/wp-json\/wp\/v2\/pages\/1723\/revisions\/397451"}],"wp:attachment":[{"href":"https:\/\/laescuelitanyc.org\/es\/wp-json\/wp\/v2\/media?parent=1723"}],"curies":[{"name":"wp","href":"https:\/\/api.w.org\/{rel}","templated":true}]}}